{"id":1139,"date":"2024-04-22T20:40:32","date_gmt":"2024-04-22T20:40:32","guid":{"rendered":"https:\/\/zetaingenieria.com\/?page_id=1139"},"modified":"2024-05-07T00:50:22","modified_gmt":"2024-05-07T00:50:22","slug":"carreras","status":"publish","type":"page","link":"https:\/\/www.zetaingenieria.com\/?page_id=1139","title":{"rendered":"Carreras"},"content":{"rendered":"\t\t<div data-elementor-type=\"wp-page\" data-elementor-id=\"1139\" class=\"elementor elementor-1139\">\n\t\t\t\t<div class=\"elementor-element elementor-element-f9fcc16 e-flex e-con-boxed e-con e-parent\" data-id=\"f9fcc16\" data-element_type=\"container\" data-e-type=\"container\" data-settings=\"{&quot;background_background&quot;:&quot;classic&quot;}\">\n\t\t\t\t\t<div class=\"e-con-inner\">\n\t\t\t\t<div class=\"elementor-element elementor-element-59b2f8d elementor-widget elementor-widget-heading\" data-id=\"59b2f8d\" data-element_type=\"widget\" data-e-type=\"widget\" data-widget_type=\"heading.default\">\n\t\t\t\t<div class=\"elementor-widget-container\">\n\t\t\t\t\t<h2 class=\"elementor-heading-title elementor-size-default\">Carreras<\/h2>\t\t\t\t<\/div>\n\t\t\t\t<\/div>\n\t\t\t\t\t<\/div>\n\t\t\t\t<\/div>\n\t\t<div class=\"elementor-element elementor-element-c27b04a e-flex e-con-boxed e-con e-parent\" data-id=\"c27b04a\" data-element_type=\"container\" data-e-type=\"container\">\n\t\t\t\t\t<div class=\"e-con-inner\">\n\t\t\t\t<div class=\"elementor-element elementor-element-e2b29ee elementor-widget elementor-widget-heading\" data-id=\"e2b29ee\" data-element_type=\"widget\" data-e-type=\"widget\" data-widget_type=\"heading.default\">\n\t\t\t\t<div class=\"elementor-widget-container\">\n\t\t\t\t\t<h2 class=\"elementor-heading-title elementor-size-default\">\u00danete a Nuestro Equipo<\/h2>\t\t\t\t<\/div>\n\t\t\t\t<\/div>\n\t\t\t\t<div class=\"elementor-element elementor-element-68300be elementor-widget elementor-widget-heading\" data-id=\"68300be\" data-element_type=\"widget\" data-e-type=\"widget\" data-widget_type=\"heading.default\">\n\t\t\t\t<div class=\"elementor-widget-container\">\n\t\t\t\t\t<h2 class=\"elementor-heading-title elementor-size-default\">En ZETA, valoramos el talento, la dedicaci\u00f3n y la pasi\u00f3n por la ingenier\u00eda y la construcci\u00f3n. Somos un lugar en donde podr\u00e1s desarrollar tu potencial y contribuir en proyectos emocionantes y desafiantes.<\/h2>\t\t\t\t<\/div>\n\t\t\t\t<\/div>\n\t\t\t\t<div class=\"elementor-element elementor-element-cf7e1d6 elementor-widget-divider--view-line elementor-widget elementor-widget-divider\" data-id=\"cf7e1d6\" data-element_type=\"widget\" data-e-type=\"widget\" data-widget_type=\"divider.default\">\n\t\t\t\t<div class=\"elementor-widget-container\">\n\t\t\t\t\t\t\t<div class=\"elementor-divider\">\n\t\t\t<span class=\"elementor-divider-separator\">\n\t\t\t\t\t\t<\/span>\n\t\t<\/div>\n\t\t\t\t\t\t<\/div>\n\t\t\t\t<\/div>\n\t\t\t\t<div class=\"elementor-element elementor-element-60ce461 elementor-widget elementor-widget-heading\" data-id=\"60ce461\" data-element_type=\"widget\" data-e-type=\"widget\" data-widget_type=\"heading.default\">\n\t\t\t\t<div class=\"elementor-widget-container\">\n\t\t\t\t\t<h2 class=\"elementor-heading-title elementor-size-default\">Oportunidades Profesionales<\/h2>\t\t\t\t<\/div>\n\t\t\t\t<\/div>\n\t\t\t\t<div class=\"elementor-element elementor-element-2ba56ba elementor-widget elementor-widget-heading\" data-id=\"2ba56ba\" data-element_type=\"widget\" data-e-type=\"widget\" data-widget_type=\"heading.default\">\n\t\t\t\t<div class=\"elementor-widget-container\">\n\t\t\t\t\t<h2 class=\"elementor-heading-title elementor-size-default\">Estamos constantemente en b\u00fasqueda de profesionales comprometidos y talentosos para unirse a nuestro equipo. Sea cual sea tu experiencia o especialidad, si compartes nuestra visi\u00f3n y valores, queremos conocerte y brindarte oportunidades para crecer profesionalmente.<\/h2>\t\t\t\t<\/div>\n\t\t\t\t<\/div>\n\t\t\t\t<div class=\"elementor-element elementor-element-cc34f69 elementor-widget-divider--view-line elementor-widget elementor-widget-divider\" data-id=\"cc34f69\" data-element_type=\"widget\" data-e-type=\"widget\" data-widget_type=\"divider.default\">\n\t\t\t\t<div class=\"elementor-widget-container\">\n\t\t\t\t\t\t\t<div class=\"elementor-divider\">\n\t\t\t<span class=\"elementor-divider-separator\">\n\t\t\t\t\t\t<\/span>\n\t\t<\/div>\n\t\t\t\t\t\t<\/div>\n\t\t\t\t<\/div>\n\t\t<div class=\"elementor-element elementor-element-27bdbb6 e-flex e-con-boxed e-con e-child\" data-id=\"27bdbb6\" data-element_type=\"container\" data-e-type=\"container\">\n\t\t\t\t\t<div class=\"e-con-inner\">\n\t\t\t\t<div class=\"elementor-element elementor-element-08c3c83 elementor-widget elementor-widget-heading\" data-id=\"08c3c83\" data-element_type=\"widget\" data-e-type=\"widget\" data-widget_type=\"heading.default\">\n\t\t\t\t<div class=\"elementor-widget-container\">\n\t\t\t\t\t<h2 class=\"elementor-heading-title elementor-size-default\">Env\u00eda tu CV<\/h2>\t\t\t\t<\/div>\n\t\t\t\t<\/div>\n\t\t\t\t<div class=\"elementor-element elementor-element-a2abfe8 elementor-widget elementor-widget-heading\" data-id=\"a2abfe8\" data-element_type=\"widget\" data-e-type=\"widget\" data-widget_type=\"heading.default\">\n\t\t\t\t<div class=\"elementor-widget-container\">\n\t\t\t\t\t<h2 class=\"elementor-heading-title elementor-size-default\">Si est\u00e1s interesado en formar parte de ZETA, te invitamos a enviarnos tu curr\u00edculum vitae. Por favor, utiliza el formulario para cargar tu CV y cualquier otra informaci\u00f3n relevante. Nuestro equipo revisar\u00e1 tu aplicaci\u00f3n y se pondr\u00e1 en contacto con vos si surge una vacante que se ajuste a tus habilidades y aspiraciones.\n<br>\nEn ZETA, nos enorgullece fomentar un ambiente inclusivo y equitativo, donde todas las personas tengan la oportunidad de alcanzar su m\u00e1ximo potencial.\n\n <br>\n\u00a1Estamos emocionados por conocerte y empezar a trabajar juntos en proyectos apasionantes!<\/h2>\t\t\t\t<\/div>\n\t\t\t\t<\/div>\n\t\t\t\t<div class=\"elementor-element elementor-element-e4e0cec elementor-widget-divider--view-line elementor-widget elementor-widget-divider\" data-id=\"e4e0cec\" data-element_type=\"widget\" data-e-type=\"widget\" data-widget_type=\"divider.default\">\n\t\t\t\t<div class=\"elementor-widget-container\">\n\t\t\t\t\t\t\t<div class=\"elementor-divider\">\n\t\t\t<span class=\"elementor-divider-separator\">\n\t\t\t\t\t\t<\/span>\n\t\t<\/div>\n\t\t\t\t\t\t<\/div>\n\t\t\t\t<\/div>\n\t\t\t\t\t<\/div>\n\t\t\t\t<\/div>\n\t\t\t\t<div class=\"elementor-element elementor-element-38e0ca1 elementor-widget elementor-widget-shortcode\" data-id=\"38e0ca1\" data-element_type=\"widget\" data-e-type=\"widget\" data-widget_type=\"shortcode.default\">\n\t\t\t\t<div class=\"elementor-widget-container\">\n\t\t\t\t\t\t\t<div class=\"elementor-shortcode\">\n<div class=\"wpcf7 no-js\" id=\"wpcf7-f1403-o1\" lang=\"es-ES\" dir=\"ltr\" data-wpcf7-id=\"1403\">\n<div class=\"screen-reader-response\"><p role=\"status\" aria-live=\"polite\" aria-atomic=\"true\"><\/p> <ul><\/ul><\/div>\n<form action=\"\/index.php?rest_route=%2Fwp%2Fv2%2Fpages%2F1139#wpcf7-f1403-o1\" method=\"post\" class=\"wpcf7-form init\" aria-label=\"Formulario de contacto\" enctype=\"multipart\/form-data\" novalidate=\"novalidate\" data-status=\"init\">\n<fieldset class=\"hidden-fields-container\"><input type=\"hidden\" name=\"_wpcf7\" value=\"1403\" \/><input type=\"hidden\" name=\"_wpcf7_version\" value=\"6.1.5\" \/><input type=\"hidden\" name=\"_wpcf7_locale\" value=\"es_ES\" \/><input type=\"hidden\" name=\"_wpcf7_unit_tag\" value=\"wpcf7-f1403-o1\" \/><input type=\"hidden\" name=\"_wpcf7_container_post\" value=\"0\" \/><input type=\"hidden\" name=\"_wpcf7_posted_data_hash\" value=\"\" \/>\n<\/fieldset>\n<p><label> Nombre<br \/>\n<span class=\"wpcf7-form-control-wrap\" data-name=\"your-name\"><input size=\"40\" maxlength=\"400\" class=\"wpcf7-form-control wpcf7-text wpcf7-validates-as-required\" autocomplete=\"name\" aria-required=\"true\" aria-invalid=\"false\" value=\"\" type=\"text\" name=\"your-name\" \/><\/span> <\/label>\n<\/p>\n<p><label> Email<br \/>\n<span class=\"wpcf7-form-control-wrap\" data-name=\"your-email\"><input size=\"40\" maxlength=\"400\" class=\"wpcf7-form-control wpcf7-email wpcf7-validates-as-required wpcf7-text wpcf7-validates-as-email\" autocomplete=\"email\" aria-required=\"true\" aria-invalid=\"false\" value=\"\" type=\"email\" name=\"your-email\" \/><\/span> <\/label>\n<\/p>\n<p><label> Tel\u00e9fono<br \/>\n<span class=\"wpcf7-form-control-wrap\" data-name=\"your-tel\"><input size=\"40\" maxlength=\"400\" class=\"wpcf7-form-control wpcf7-tel wpcf7-validates-as-required wpcf7-text wpcf7-validates-as-tel\" aria-required=\"true\" aria-invalid=\"false\" value=\"\" type=\"tel\" name=\"your-tel\" \/><\/span> <\/label>\n<\/p>\n<p><label> CV<br \/>\n<span class=\"wpcf7-form-control-wrap\" data-name=\"your-file\"><input size=\"40\" class=\"wpcf7-form-control wpcf7-file\" accept=\".pdf,.txt,.doc,.docx\" aria-invalid=\"false\" type=\"file\" name=\"your-file\" \/><\/span> <\/label>\n<\/p>\n<p><label> Comentarios<br \/>\n<span class=\"wpcf7-form-control-wrap\" data-name=\"your-message\"><textarea cols=\"40\" rows=\"10\" maxlength=\"2000\" class=\"wpcf7-form-control wpcf7-textarea\" aria-invalid=\"false\" name=\"your-message\"><\/textarea><\/span> <\/label>\n<\/p>\n<p><input class=\"wpcf7-form-control wpcf7-submit has-spinner\" type=\"submit\" value=\"Enviar\" \/>\n<\/p><input type='hidden' class='wpcf7-pum' value='{\"closepopup\":false,\"closedelay\":0,\"openpopup\":false,\"openpopup_id\":0}' \/><div class=\"wpcf7-response-output\" aria-hidden=\"true\"><\/div>\n<\/form>\n<\/div>\n<\/div>\n\t\t\t\t\t\t<\/div>\n\t\t\t\t<\/div>\n\t\t\t\t\t<\/div>\n\t\t\t\t<\/div>\n\t\t\t\t<\/div>\n\t\t","protected":false},"excerpt":{"rendered":"<p>Carreras \u00danete a Nuestro Equipo En ZETA, valoramos el talento, la dedicaci\u00f3n y la pasi\u00f3n por la ingenier\u00eda y la construcci\u00f3n. Somos un lugar en donde podr\u00e1s desarrollar tu potencial y contribuir en proyectos emocionantes y desafiantes. Oportunidades Profesionales Estamos constantemente en b\u00fasqueda de profesionales comprometidos y talentosos para unirse a nuestro equipo. Sea cual [&hellip;]<\/p>\n","protected":false},"author":1,"featured_media":0,"parent":0,"menu_order":0,"comment_status":"closed","ping_status":"closed","template":"","meta":{"footnotes":""},"class_list":["post-1139","page","type-page","status-publish","hentry","entry"],"yoast_head":"<!-- This site is optimized with the Yoast SEO plugin v27.5 - https:\/\/yoast.com\/product\/yoast-seo-wordpress\/ -->\n<title>Carreras - Zeta Ingenier\u00eda<\/title>\n<meta name=\"robots\" content=\"index, follow, max-snippet:-1, max-image-preview:large, max-video-preview:-1\" \/>\n<link rel=\"canonical\" href=\"https:\/\/www.zetaingenieria.com\/?page_id=1139\" \/>\n<meta property=\"og:locale\" content=\"es_ES\" \/>\n<meta property=\"og:type\" content=\"article\" \/>\n<meta property=\"og:title\" content=\"Carreras - Zeta Ingenier\u00eda\" \/>\n<meta property=\"og:description\" content=\"Carreras \u00danete a Nuestro Equipo En ZETA, valoramos el talento, la dedicaci\u00f3n y la pasi\u00f3n por la ingenier\u00eda y la construcci\u00f3n. Somos un lugar en donde podr\u00e1s desarrollar tu potencial y contribuir en proyectos emocionantes y desafiantes. Oportunidades Profesionales Estamos constantemente en b\u00fasqueda de profesionales comprometidos y talentosos para unirse a nuestro equipo. Sea cual [&hellip;]\" \/>\n<meta property=\"og:url\" content=\"https:\/\/www.zetaingenieria.com\/?page_id=1139\" \/>\n<meta property=\"og:site_name\" content=\"Zeta Ingenier\u00eda\" \/>\n<meta property=\"article:modified_time\" content=\"2024-05-07T00:50:22+00:00\" \/>\n<meta name=\"twitter:card\" content=\"summary_large_image\" \/>\n<meta name=\"twitter:label1\" content=\"Tiempo de lectura\" \/>\n\t<meta name=\"twitter:data1\" content=\"1 minuto\" \/>\n<script type=\"application\/ld+json\" class=\"yoast-schema-graph\">{\"@context\":\"https:\\\/\\\/schema.org\",\"@graph\":[{\"@type\":\"WebPage\",\"@id\":\"https:\\\/\\\/www.zetaingenieria.com\\\/?page_id=1139\",\"url\":\"https:\\\/\\\/www.zetaingenieria.com\\\/?page_id=1139\",\"name\":\"Carreras - Zeta Ingenier\u00eda\",\"isPartOf\":{\"@id\":\"https:\\\/\\\/www.zetaingenieria.com\\\/#website\"},\"datePublished\":\"2024-04-22T20:40:32+00:00\",\"dateModified\":\"2024-05-07T00:50:22+00:00\",\"breadcrumb\":{\"@id\":\"https:\\\/\\\/www.zetaingenieria.com\\\/?page_id=1139#breadcrumb\"},\"inLanguage\":\"es\",\"potentialAction\":[{\"@type\":\"ReadAction\",\"target\":[\"https:\\\/\\\/www.zetaingenieria.com\\\/?page_id=1139\"]}]},{\"@type\":\"BreadcrumbList\",\"@id\":\"https:\\\/\\\/www.zetaingenieria.com\\\/?page_id=1139#breadcrumb\",\"itemListElement\":[{\"@type\":\"ListItem\",\"position\":1,\"name\":\"Portada\",\"item\":\"https:\\\/\\\/www.zetaingenieria.com\\\/\"},{\"@type\":\"ListItem\",\"position\":2,\"name\":\"Carreras\"}]},{\"@type\":\"WebSite\",\"@id\":\"https:\\\/\\\/www.zetaingenieria.com\\\/#website\",\"url\":\"https:\\\/\\\/www.zetaingenieria.com\\\/\",\"name\":\"Zeta Ingenier\u00eda\",\"description\":\"Estudio de Ingenier\u00eda y Construcci\u00f3n\",\"publisher\":{\"@id\":\"https:\\\/\\\/www.zetaingenieria.com\\\/#organization\"},\"potentialAction\":[{\"@type\":\"SearchAction\",\"target\":{\"@type\":\"EntryPoint\",\"urlTemplate\":\"https:\\\/\\\/www.zetaingenieria.com\\\/?s={search_term_string}\"},\"query-input\":{\"@type\":\"PropertyValueSpecification\",\"valueRequired\":true,\"valueName\":\"search_term_string\"}}],\"inLanguage\":\"es\"},{\"@type\":\"Organization\",\"@id\":\"https:\\\/\\\/www.zetaingenieria.com\\\/#organization\",\"name\":\"Zeta Ingenier\u00eda\",\"url\":\"https:\\\/\\\/www.zetaingenieria.com\\\/\",\"logo\":{\"@type\":\"ImageObject\",\"inLanguage\":\"es\",\"@id\":\"https:\\\/\\\/www.zetaingenieria.com\\\/#\\\/schema\\\/logo\\\/image\\\/\",\"url\":\"https:\\\/\\\/www.zetaingenieria.com\\\/wp-content\\\/uploads\\\/2024\\\/03\\\/cropped-cropped-logo-removebg-preview-1.png\",\"contentUrl\":\"https:\\\/\\\/www.zetaingenieria.com\\\/wp-content\\\/uploads\\\/2024\\\/03\\\/cropped-cropped-logo-removebg-preview-1.png\",\"width\":429,\"height\":429,\"caption\":\"Zeta Ingenier\u00eda\"},\"image\":{\"@id\":\"https:\\\/\\\/www.zetaingenieria.com\\\/#\\\/schema\\\/logo\\\/image\\\/\"}}]}<\/script>\n<!-- \/ Yoast SEO plugin. -->","yoast_head_json":{"title":"Carreras - Zeta Ingenier\u00eda","robots":{"index":"index","follow":"follow","max-snippet":"max-snippet:-1","max-image-preview":"max-image-preview:large","max-video-preview":"max-video-preview:-1"},"canonical":"https:\/\/www.zetaingenieria.com\/?page_id=1139","og_locale":"es_ES","og_type":"article","og_title":"Carreras - Zeta Ingenier\u00eda","og_description":"Carreras \u00danete a Nuestro Equipo En ZETA, valoramos el talento, la dedicaci\u00f3n y la pasi\u00f3n por la ingenier\u00eda y la construcci\u00f3n. Somos un lugar en donde podr\u00e1s desarrollar tu potencial y contribuir en proyectos emocionantes y desafiantes. Oportunidades Profesionales Estamos constantemente en b\u00fasqueda de profesionales comprometidos y talentosos para unirse a nuestro equipo. Sea cual [&hellip;]","og_url":"https:\/\/www.zetaingenieria.com\/?page_id=1139","og_site_name":"Zeta Ingenier\u00eda","article_modified_time":"2024-05-07T00:50:22+00:00","twitter_card":"summary_large_image","twitter_misc":{"Tiempo de lectura":"1 minuto"},"schema":{"@context":"https:\/\/schema.org","@graph":[{"@type":"WebPage","@id":"https:\/\/www.zetaingenieria.com\/?page_id=1139","url":"https:\/\/www.zetaingenieria.com\/?page_id=1139","name":"Carreras - Zeta Ingenier\u00eda","isPartOf":{"@id":"https:\/\/www.zetaingenieria.com\/#website"},"datePublished":"2024-04-22T20:40:32+00:00","dateModified":"2024-05-07T00:50:22+00:00","breadcrumb":{"@id":"https:\/\/www.zetaingenieria.com\/?page_id=1139#breadcrumb"},"inLanguage":"es","potentialAction":[{"@type":"ReadAction","target":["https:\/\/www.zetaingenieria.com\/?page_id=1139"]}]},{"@type":"BreadcrumbList","@id":"https:\/\/www.zetaingenieria.com\/?page_id=1139#breadcrumb","itemListElement":[{"@type":"ListItem","position":1,"name":"Portada","item":"https:\/\/www.zetaingenieria.com\/"},{"@type":"ListItem","position":2,"name":"Carreras"}]},{"@type":"WebSite","@id":"https:\/\/www.zetaingenieria.com\/#website","url":"https:\/\/www.zetaingenieria.com\/","name":"Zeta Ingenier\u00eda","description":"Estudio de Ingenier\u00eda y Construcci\u00f3n","publisher":{"@id":"https:\/\/www.zetaingenieria.com\/#organization"},"potentialAction":[{"@type":"SearchAction","target":{"@type":"EntryPoint","urlTemplate":"https:\/\/www.zetaingenieria.com\/?s={search_term_string}"},"query-input":{"@type":"PropertyValueSpecification","valueRequired":true,"valueName":"search_term_string"}}],"inLanguage":"es"},{"@type":"Organization","@id":"https:\/\/www.zetaingenieria.com\/#organization","name":"Zeta Ingenier\u00eda","url":"https:\/\/www.zetaingenieria.com\/","logo":{"@type":"ImageObject","inLanguage":"es","@id":"https:\/\/www.zetaingenieria.com\/#\/schema\/logo\/image\/","url":"https:\/\/www.zetaingenieria.com\/wp-content\/uploads\/2024\/03\/cropped-cropped-logo-removebg-preview-1.png","contentUrl":"https:\/\/www.zetaingenieria.com\/wp-content\/uploads\/2024\/03\/cropped-cropped-logo-removebg-preview-1.png","width":429,"height":429,"caption":"Zeta Ingenier\u00eda"},"image":{"@id":"https:\/\/www.zetaingenieria.com\/#\/schema\/logo\/image\/"}}]}},"_links":{"self":[{"href":"https:\/\/www.zetaingenieria.com\/index.php?rest_route=\/wp\/v2\/pages\/1139","targetHints":{"allow":["GET"]}}],"collection":[{"href":"https:\/\/www.zetaingenieria.com\/index.php?rest_route=\/wp\/v2\/pages"}],"about":[{"href":"https:\/\/www.zetaingenieria.com\/index.php?rest_route=\/wp\/v2\/types\/page"}],"author":[{"embeddable":true,"href":"https:\/\/www.zetaingenieria.com\/index.php?rest_route=\/wp\/v2\/users\/1"}],"replies":[{"embeddable":true,"href":"https:\/\/www.zetaingenieria.com\/index.php?rest_route=%2Fwp%2Fv2%2Fcomments&post=1139"}],"version-history":[{"count":0,"href":"https:\/\/www.zetaingenieria.com\/index.php?rest_route=\/wp\/v2\/pages\/1139\/revisions"}],"wp:attachment":[{"href":"https:\/\/www.zetaingenieria.com\/index.php?rest_route=%2Fwp%2Fv2%2Fmedia&parent=1139"}],"curies":[{"name":"wp","href":"https:\/\/api.w.org\/{rel}","templated":true}]}}