{"id":1859,"date":"2025-06-27T16:43:12","date_gmt":"2025-06-27T16:43:12","guid":{"rendered":"https:\/\/www.zetaingenieria.com\/?page_id=1859"},"modified":"2025-06-27T16:45:18","modified_gmt":"2025-06-27T16:45:18","slug":"carreras-duplicado-1139","status":"publish","type":"page","link":"https:\/\/www.zetaingenieria.com\/?page_id=1859","title":{"rendered":"Carreras &#8211; Duplicado &#8211; [#1139]"},"content":{"rendered":"\t\t<div data-elementor-type=\"wp-page\" data-elementor-id=\"1859\" class=\"elementor elementor-1859\">\n\t\t\t\t<div class=\"elementor-element elementor-element-f9fcc16 e-flex e-con-boxed e-con e-parent\" data-id=\"f9fcc16\" data-element_type=\"container\" data-e-type=\"container\" data-settings=\"{&quot;background_background&quot;:&quot;classic&quot;}\">\n\t\t\t\t\t<div class=\"e-con-inner\">\n\t\t\t\t<div class=\"elementor-element elementor-element-59b2f8d elementor-widget elementor-widget-heading\" data-id=\"59b2f8d\" data-element_type=\"widget\" data-e-type=\"widget\" data-widget_type=\"heading.default\">\n\t\t\t\t<div class=\"elementor-widget-container\">\n\t\t\t\t\t<h2 class=\"elementor-heading-title elementor-size-default\">Edificio \u2013 Proyecto y Obra<\/h2>\t\t\t\t<\/div>\n\t\t\t\t<\/div>\n\t\t\t\t\t<\/div>\n\t\t\t\t<\/div>\n\t\t<div class=\"elementor-element elementor-element-bdf6e41 e-grid e-con-boxed e-con e-parent\" data-id=\"bdf6e41\" data-element_type=\"container\" data-e-type=\"container\">\n\t\t\t\t\t<div class=\"e-con-inner\">\n\t\t\t\t<div class=\"elementor-element elementor-element-cb75fe6 elementor-widget elementor-widget-image\" data-id=\"cb75fe6\" data-element_type=\"widget\" data-e-type=\"widget\" data-widget_type=\"image.default\">\n\t\t\t\t<div class=\"elementor-widget-container\">\n\t\t\t\t\t\t\t\t\t\t\t\t\t\t\t<img fetchpriority=\"high\" decoding=\"async\" width=\"1200\" height=\"800\" src=\"https:\/\/www.zetaingenieria.com\/wp-content\/uploads\/2025\/06\/PORTADA-3-1200x800.png\" class=\"attachment-large size-large wp-image-1723\" alt=\"\" srcset=\"https:\/\/www.zetaingenieria.com\/wp-content\/uploads\/2025\/06\/PORTADA-3-1200x800.png 1200w, https:\/\/www.zetaingenieria.com\/wp-content\/uploads\/2025\/06\/PORTADA-3-600x400.png 600w, https:\/\/www.zetaingenieria.com\/wp-content\/uploads\/2025\/06\/PORTADA-3-768x512.png 768w, https:\/\/www.zetaingenieria.com\/wp-content\/uploads\/2025\/06\/PORTADA-3.png 1500w\" sizes=\"(max-width: 1200px) 100vw, 1200px\" \/>\t\t\t\t\t\t\t\t\t\t\t\t\t\t\t<\/div>\n\t\t\t\t<\/div>\n\t\t\t\t<div class=\"elementor-element elementor-element-8074d21 elementor-widget elementor-widget-image\" data-id=\"8074d21\" data-element_type=\"widget\" data-e-type=\"widget\" data-widget_type=\"image.default\">\n\t\t\t\t<div class=\"elementor-widget-container\">\n\t\t\t\t\t\t\t\t\t\t\t\t\t\t\t<img decoding=\"async\" width=\"1200\" height=\"800\" src=\"https:\/\/www.zetaingenieria.com\/wp-content\/uploads\/2025\/06\/01-COMEDOR-1200x800.png\" class=\"attachment-large size-large wp-image-1710\" alt=\"\" srcset=\"https:\/\/www.zetaingenieria.com\/wp-content\/uploads\/2025\/06\/01-COMEDOR-1200x800.png 1200w, https:\/\/www.zetaingenieria.com\/wp-content\/uploads\/2025\/06\/01-COMEDOR-600x400.png 600w, https:\/\/www.zetaingenieria.com\/wp-content\/uploads\/2025\/06\/01-COMEDOR-768x512.png 768w, https:\/\/www.zetaingenieria.com\/wp-content\/uploads\/2025\/06\/01-COMEDOR-1536x1024.png 1536w, https:\/\/www.zetaingenieria.com\/wp-content\/uploads\/2025\/06\/01-COMEDOR.png 1920w\" sizes=\"(max-width: 1200px) 100vw, 1200px\" \/>\t\t\t\t\t\t\t\t\t\t\t\t\t\t\t<\/div>\n\t\t\t\t<\/div>\n\t\t\t\t<div class=\"elementor-element elementor-element-e64bdd6 elementor-widget elementor-widget-image\" data-id=\"e64bdd6\" data-element_type=\"widget\" data-e-type=\"widget\" data-widget_type=\"image.default\">\n\t\t\t\t<div class=\"elementor-widget-container\">\n\t\t\t\t\t\t\t\t\t\t\t\t\t\t\t<img decoding=\"async\" width=\"1200\" height=\"800\" src=\"https:\/\/www.zetaingenieria.com\/wp-content\/uploads\/2025\/06\/02-COCINA-DESDE-LA-BARRA-1200x800.png\" class=\"attachment-large size-large wp-image-1711\" alt=\"\" srcset=\"https:\/\/www.zetaingenieria.com\/wp-content\/uploads\/2025\/06\/02-COCINA-DESDE-LA-BARRA-1200x800.png 1200w, https:\/\/www.zetaingenieria.com\/wp-content\/uploads\/2025\/06\/02-COCINA-DESDE-LA-BARRA-600x400.png 600w, https:\/\/www.zetaingenieria.com\/wp-content\/uploads\/2025\/06\/02-COCINA-DESDE-LA-BARRA-768x512.png 768w, https:\/\/www.zetaingenieria.com\/wp-content\/uploads\/2025\/06\/02-COCINA-DESDE-LA-BARRA-1536x1024.png 1536w, https:\/\/www.zetaingenieria.com\/wp-content\/uploads\/2025\/06\/02-COCINA-DESDE-LA-BARRA.png 1920w\" sizes=\"(max-width: 1200px) 100vw, 1200px\" \/>\t\t\t\t\t\t\t\t\t\t\t\t\t\t\t<\/div>\n\t\t\t\t<\/div>\n\t\t\t\t<div class=\"elementor-element elementor-element-be687b3 elementor-widget elementor-widget-image\" data-id=\"be687b3\" data-element_type=\"widget\" data-e-type=\"widget\" data-widget_type=\"image.default\">\n\t\t\t\t<div class=\"elementor-widget-container\">\n\t\t\t\t\t\t\t\t\t\t\t\t\t\t\t<img loading=\"lazy\" decoding=\"async\" width=\"1200\" height=\"800\" src=\"https:\/\/www.zetaingenieria.com\/wp-content\/uploads\/2025\/06\/03-COCINA-1200x800.png\" class=\"attachment-large size-large wp-image-1712\" alt=\"\" srcset=\"https:\/\/www.zetaingenieria.com\/wp-content\/uploads\/2025\/06\/03-COCINA-1200x800.png 1200w, https:\/\/www.zetaingenieria.com\/wp-content\/uploads\/2025\/06\/03-COCINA-600x400.png 600w, https:\/\/www.zetaingenieria.com\/wp-content\/uploads\/2025\/06\/03-COCINA-768x512.png 768w, https:\/\/www.zetaingenieria.com\/wp-content\/uploads\/2025\/06\/03-COCINA-1536x1024.png 1536w, https:\/\/www.zetaingenieria.com\/wp-content\/uploads\/2025\/06\/03-COCINA.png 1920w\" sizes=\"(max-width: 1200px) 100vw, 1200px\" \/>\t\t\t\t\t\t\t\t\t\t\t\t\t\t\t<\/div>\n\t\t\t\t<\/div>\n\t\t\t\t<div class=\"elementor-element elementor-element-63a0488 elementor-widget elementor-widget-image\" data-id=\"63a0488\" data-element_type=\"widget\" data-e-type=\"widget\" data-widget_type=\"image.default\">\n\t\t\t\t<div class=\"elementor-widget-container\">\n\t\t\t\t\t\t\t\t\t\t\t\t\t\t\t<img loading=\"lazy\" decoding=\"async\" width=\"1200\" height=\"800\" src=\"https:\/\/www.zetaingenieria.com\/wp-content\/uploads\/2025\/06\/04-HABITACION-B-1200x800.png\" class=\"attachment-large size-large wp-image-1713\" alt=\"\" srcset=\"https:\/\/www.zetaingenieria.com\/wp-content\/uploads\/2025\/06\/04-HABITACION-B-1200x800.png 1200w, https:\/\/www.zetaingenieria.com\/wp-content\/uploads\/2025\/06\/04-HABITACION-B-600x400.png 600w, https:\/\/www.zetaingenieria.com\/wp-content\/uploads\/2025\/06\/04-HABITACION-B-768x512.png 768w, https:\/\/www.zetaingenieria.com\/wp-content\/uploads\/2025\/06\/04-HABITACION-B-1536x1024.png 1536w, https:\/\/www.zetaingenieria.com\/wp-content\/uploads\/2025\/06\/04-HABITACION-B.png 1920w\" sizes=\"(max-width: 1200px) 100vw, 1200px\" \/>\t\t\t\t\t\t\t\t\t\t\t\t\t\t\t<\/div>\n\t\t\t\t<\/div>\n\t\t\t\t<div class=\"elementor-element elementor-element-e44a550 elementor-widget elementor-widget-image\" data-id=\"e44a550\" data-element_type=\"widget\" data-e-type=\"widget\" data-widget_type=\"image.default\">\n\t\t\t\t<div class=\"elementor-widget-container\">\n\t\t\t\t\t\t\t\t\t\t\t\t\t\t\t<img loading=\"lazy\" decoding=\"async\" width=\"1200\" height=\"800\" src=\"https:\/\/www.zetaingenieria.com\/wp-content\/uploads\/2025\/06\/04-HABITACION-1200x800.png\" class=\"attachment-large size-large wp-image-1714\" alt=\"\" srcset=\"https:\/\/www.zetaingenieria.com\/wp-content\/uploads\/2025\/06\/04-HABITACION-1200x800.png 1200w, https:\/\/www.zetaingenieria.com\/wp-content\/uploads\/2025\/06\/04-HABITACION-600x400.png 600w, https:\/\/www.zetaingenieria.com\/wp-content\/uploads\/2025\/06\/04-HABITACION-768x512.png 768w, https:\/\/www.zetaingenieria.com\/wp-content\/uploads\/2025\/06\/04-HABITACION-1536x1024.png 1536w, https:\/\/www.zetaingenieria.com\/wp-content\/uploads\/2025\/06\/04-HABITACION.png 1920w\" sizes=\"(max-width: 1200px) 100vw, 1200px\" \/>\t\t\t\t\t\t\t\t\t\t\t\t\t\t\t<\/div>\n\t\t\t\t<\/div>\n\t\t\t\t<div class=\"elementor-element elementor-element-819b555 elementor-widget elementor-widget-image\" data-id=\"819b555\" data-element_type=\"widget\" data-e-type=\"widget\" data-widget_type=\"image.default\">\n\t\t\t\t<div class=\"elementor-widget-container\">\n\t\t\t\t\t\t\t\t\t\t\t\t\t\t\t<img loading=\"lazy\" decoding=\"async\" width=\"1200\" height=\"800\" src=\"https:\/\/www.zetaingenieria.com\/wp-content\/uploads\/2025\/06\/05-LAVADERO-1200x800.png\" class=\"attachment-large size-large wp-image-1715\" alt=\"\" srcset=\"https:\/\/www.zetaingenieria.com\/wp-content\/uploads\/2025\/06\/05-LAVADERO-1200x800.png 1200w, https:\/\/www.zetaingenieria.com\/wp-content\/uploads\/2025\/06\/05-LAVADERO-600x400.png 600w, https:\/\/www.zetaingenieria.com\/wp-content\/uploads\/2025\/06\/05-LAVADERO-768x512.png 768w, https:\/\/www.zetaingenieria.com\/wp-content\/uploads\/2025\/06\/05-LAVADERO-1536x1024.png 1536w, https:\/\/www.zetaingenieria.com\/wp-content\/uploads\/2025\/06\/05-LAVADERO.png 1920w\" sizes=\"(max-width: 1200px) 100vw, 1200px\" \/>\t\t\t\t\t\t\t\t\t\t\t\t\t\t\t<\/div>\n\t\t\t\t<\/div>\n\t\t\t\t<div class=\"elementor-element elementor-element-e5ef3a1 elementor-widget elementor-widget-image\" data-id=\"e5ef3a1\" data-element_type=\"widget\" data-e-type=\"widget\" data-widget_type=\"image.default\">\n\t\t\t\t<div class=\"elementor-widget-container\">\n\t\t\t\t\t\t\t\t\t\t\t\t\t\t\t<img loading=\"lazy\" decoding=\"async\" width=\"1200\" height=\"800\" src=\"https:\/\/www.zetaingenieria.com\/wp-content\/uploads\/2025\/06\/06-BANO-1200x800.png\" class=\"attachment-large size-large wp-image-1716\" alt=\"\" srcset=\"https:\/\/www.zetaingenieria.com\/wp-content\/uploads\/2025\/06\/06-BANO-1200x800.png 1200w, https:\/\/www.zetaingenieria.com\/wp-content\/uploads\/2025\/06\/06-BANO-600x400.png 600w, https:\/\/www.zetaingenieria.com\/wp-content\/uploads\/2025\/06\/06-BANO-768x512.png 768w, https:\/\/www.zetaingenieria.com\/wp-content\/uploads\/2025\/06\/06-BANO-1536x1024.png 1536w, https:\/\/www.zetaingenieria.com\/wp-content\/uploads\/2025\/06\/06-BANO.png 1920w\" sizes=\"(max-width: 1200px) 100vw, 1200px\" \/>\t\t\t\t\t\t\t\t\t\t\t\t\t\t\t<\/div>\n\t\t\t\t<\/div>\n\t\t\t\t<div class=\"elementor-element elementor-element-bdbca01 elementor-widget elementor-widget-image\" data-id=\"bdbca01\" data-element_type=\"widget\" data-e-type=\"widget\" data-widget_type=\"image.default\">\n\t\t\t\t<div class=\"elementor-widget-container\">\n\t\t\t\t\t\t\t\t\t\t\t\t\t\t\t<img loading=\"lazy\" decoding=\"async\" width=\"1200\" height=\"800\" src=\"https:\/\/www.zetaingenieria.com\/wp-content\/uploads\/2025\/06\/07-PATIO-QUINCHO-1200x800.png\" class=\"attachment-large size-large wp-image-1717\" alt=\"\" srcset=\"https:\/\/www.zetaingenieria.com\/wp-content\/uploads\/2025\/06\/07-PATIO-QUINCHO-1200x800.png 1200w, https:\/\/www.zetaingenieria.com\/wp-content\/uploads\/2025\/06\/07-PATIO-QUINCHO-600x400.png 600w, https:\/\/www.zetaingenieria.com\/wp-content\/uploads\/2025\/06\/07-PATIO-QUINCHO-768x512.png 768w, https:\/\/www.zetaingenieria.com\/wp-content\/uploads\/2025\/06\/07-PATIO-QUINCHO-1536x1024.png 1536w, https:\/\/www.zetaingenieria.com\/wp-content\/uploads\/2025\/06\/07-PATIO-QUINCHO.png 1620w\" sizes=\"(max-width: 1200px) 100vw, 1200px\" \/>\t\t\t\t\t\t\t\t\t\t\t\t\t\t\t<\/div>\n\t\t\t\t<\/div>\n\t\t\t\t<div class=\"elementor-element elementor-element-dcf04b5 elementor-widget elementor-widget-image\" data-id=\"dcf04b5\" data-element_type=\"widget\" data-e-type=\"widget\" data-widget_type=\"image.default\">\n\t\t\t\t<div class=\"elementor-widget-container\">\n\t\t\t\t\t\t\t\t\t\t\t\t\t\t\t<img loading=\"lazy\" decoding=\"async\" width=\"1200\" height=\"800\" src=\"https:\/\/www.zetaingenieria.com\/wp-content\/uploads\/2025\/06\/08-QUINCHO-1200x800.png\" class=\"attachment-large size-large wp-image-1718\" alt=\"\" srcset=\"https:\/\/www.zetaingenieria.com\/wp-content\/uploads\/2025\/06\/08-QUINCHO-1200x800.png 1200w, https:\/\/www.zetaingenieria.com\/wp-content\/uploads\/2025\/06\/08-QUINCHO-600x400.png 600w, https:\/\/www.zetaingenieria.com\/wp-content\/uploads\/2025\/06\/08-QUINCHO-768x512.png 768w, https:\/\/www.zetaingenieria.com\/wp-content\/uploads\/2025\/06\/08-QUINCHO-1536x1024.png 1536w, https:\/\/www.zetaingenieria.com\/wp-content\/uploads\/2025\/06\/08-QUINCHO.png 1620w\" sizes=\"(max-width: 1200px) 100vw, 1200px\" \/>\t\t\t\t\t\t\t\t\t\t\t\t\t\t\t<\/div>\n\t\t\t\t<\/div>\n\t\t\t\t<div class=\"elementor-element elementor-element-c0f6ae1 elementor-widget elementor-widget-image\" data-id=\"c0f6ae1\" data-element_type=\"widget\" data-e-type=\"widget\" data-widget_type=\"image.default\">\n\t\t\t\t<div class=\"elementor-widget-container\">\n\t\t\t\t\t\t\t\t\t\t\t\t\t\t\t<img loading=\"lazy\" decoding=\"async\" width=\"1200\" height=\"800\" src=\"https:\/\/www.zetaingenieria.com\/wp-content\/uploads\/2025\/06\/09-BALCON-1200x800.png\" class=\"attachment-large size-large wp-image-1719\" alt=\"\" srcset=\"https:\/\/www.zetaingenieria.com\/wp-content\/uploads\/2025\/06\/09-BALCON-1200x800.png 1200w, https:\/\/www.zetaingenieria.com\/wp-content\/uploads\/2025\/06\/09-BALCON-600x400.png 600w, https:\/\/www.zetaingenieria.com\/wp-content\/uploads\/2025\/06\/09-BALCON-768x512.png 768w, https:\/\/www.zetaingenieria.com\/wp-content\/uploads\/2025\/06\/09-BALCON-1536x1024.png 1536w, https:\/\/www.zetaingenieria.com\/wp-content\/uploads\/2025\/06\/09-BALCON.png 1920w\" sizes=\"(max-width: 1200px) 100vw, 1200px\" \/>\t\t\t\t\t\t\t\t\t\t\t\t\t\t\t<\/div>\n\t\t\t\t<\/div>\n\t\t\t\t<div class=\"elementor-element elementor-element-5c3608f elementor-widget elementor-widget-image\" data-id=\"5c3608f\" data-element_type=\"widget\" data-e-type=\"widget\" data-widget_type=\"image.default\">\n\t\t\t\t<div class=\"elementor-widget-container\">\n\t\t\t\t\t\t\t\t\t\t\t\t\t\t\t<img loading=\"lazy\" decoding=\"async\" width=\"1200\" height=\"800\" src=\"https:\/\/www.zetaingenieria.com\/wp-content\/uploads\/2025\/06\/10-LOCAL-COMERCIAL-1200x800.png\" class=\"attachment-large size-large wp-image-1720\" alt=\"\" srcset=\"https:\/\/www.zetaingenieria.com\/wp-content\/uploads\/2025\/06\/10-LOCAL-COMERCIAL-1200x800.png 1200w, https:\/\/www.zetaingenieria.com\/wp-content\/uploads\/2025\/06\/10-LOCAL-COMERCIAL-600x400.png 600w, https:\/\/www.zetaingenieria.com\/wp-content\/uploads\/2025\/06\/10-LOCAL-COMERCIAL-768x512.png 768w, https:\/\/www.zetaingenieria.com\/wp-content\/uploads\/2025\/06\/10-LOCAL-COMERCIAL-1536x1024.png 1536w, https:\/\/www.zetaingenieria.com\/wp-content\/uploads\/2025\/06\/10-LOCAL-COMERCIAL.png 1620w\" sizes=\"(max-width: 1200px) 100vw, 1200px\" \/>\t\t\t\t\t\t\t\t\t\t\t\t\t\t\t<\/div>\n\t\t\t\t<\/div>\n\t\t\t\t<div class=\"elementor-element elementor-element-4772c00 elementor-widget elementor-widget-image\" data-id=\"4772c00\" data-element_type=\"widget\" data-e-type=\"widget\" data-widget_type=\"image.default\">\n\t\t\t\t<div class=\"elementor-widget-container\">\n\t\t\t\t\t\t\t\t\t\t\t\t\t\t\t<img loading=\"lazy\" decoding=\"async\" width=\"1200\" height=\"800\" src=\"https:\/\/www.zetaingenieria.com\/wp-content\/uploads\/2025\/06\/11-LOCAL-COCINA-1200x800.png\" class=\"attachment-large size-large wp-image-1721\" alt=\"\" srcset=\"https:\/\/www.zetaingenieria.com\/wp-content\/uploads\/2025\/06\/11-LOCAL-COCINA-1200x800.png 1200w, https:\/\/www.zetaingenieria.com\/wp-content\/uploads\/2025\/06\/11-LOCAL-COCINA-600x400.png 600w, https:\/\/www.zetaingenieria.com\/wp-content\/uploads\/2025\/06\/11-LOCAL-COCINA-768x512.png 768w, https:\/\/www.zetaingenieria.com\/wp-content\/uploads\/2025\/06\/11-LOCAL-COCINA-1536x1024.png 1536w, https:\/\/www.zetaingenieria.com\/wp-content\/uploads\/2025\/06\/11-LOCAL-COCINA.png 1620w\" sizes=\"(max-width: 1200px) 100vw, 1200px\" \/>\t\t\t\t\t\t\t\t\t\t\t\t\t\t\t<\/div>\n\t\t\t\t<\/div>\n\t\t\t\t<div class=\"elementor-element elementor-element-0f9d5b2 elementor-widget elementor-widget-image\" data-id=\"0f9d5b2\" data-element_type=\"widget\" data-e-type=\"widget\" data-widget_type=\"image.default\">\n\t\t\t\t<div class=\"elementor-widget-container\">\n\t\t\t\t\t\t\t\t\t\t\t\t\t\t\t<img loading=\"lazy\" decoding=\"async\" width=\"1200\" height=\"800\" src=\"https:\/\/www.zetaingenieria.com\/wp-content\/uploads\/2025\/06\/12-LOCAL-BANO-1200x800.png\" class=\"attachment-large size-large wp-image-1722\" alt=\"\" srcset=\"https:\/\/www.zetaingenieria.com\/wp-content\/uploads\/2025\/06\/12-LOCAL-BANO-1200x800.png 1200w, https:\/\/www.zetaingenieria.com\/wp-content\/uploads\/2025\/06\/12-LOCAL-BANO-600x400.png 600w, https:\/\/www.zetaingenieria.com\/wp-content\/uploads\/2025\/06\/12-LOCAL-BANO-768x512.png 768w, https:\/\/www.zetaingenieria.com\/wp-content\/uploads\/2025\/06\/12-LOCAL-BANO-1536x1024.png 1536w, https:\/\/www.zetaingenieria.com\/wp-content\/uploads\/2025\/06\/12-LOCAL-BANO.png 1620w\" sizes=\"(max-width: 1200px) 100vw, 1200px\" \/>\t\t\t\t\t\t\t\t\t\t\t\t\t\t\t<\/div>\n\t\t\t\t<\/div>\n\t\t\t\t<div class=\"elementor-element elementor-element-abb1187 e-transform elementor-align-center elementor-widget elementor-widget-button\" data-id=\"abb1187\" data-element_type=\"widget\" data-e-type=\"widget\" data-settings=\"{&quot;_transform_scale_effect_hover&quot;:{&quot;unit&quot;:&quot;px&quot;,&quot;size&quot;:0.9,&quot;sizes&quot;:[]},&quot;_transform_scale_effect_hover_tablet&quot;:{&quot;unit&quot;:&quot;px&quot;,&quot;size&quot;:&quot;&quot;,&quot;sizes&quot;:[]},&quot;_transform_scale_effect_hover_mobile&quot;:{&quot;unit&quot;:&quot;px&quot;,&quot;size&quot;:&quot;&quot;,&quot;sizes&quot;:[]}}\" data-widget_type=\"button.default\">\n\t\t\t\t<div class=\"elementor-widget-container\">\n\t\t\t\t\t\t\t\t\t<div class=\"elementor-button-wrapper\">\n\t\t\t\t\t<a class=\"elementor-button elementor-button-link elementor-size-sm\" href=\"https:\/\/www.zetaingenieria.com\/?page_id=430\">\n\t\t\t\t\t\t<span class=\"elementor-button-content-wrapper\">\n\t\t\t\t\t\t\t\t\t<span class=\"elementor-button-text\">Ver proyectos<\/span>\n\t\t\t\t\t<\/span>\n\t\t\t\t\t<\/a>\n\t\t\t\t<\/div>\n\t\t\t\t\t\t\t\t<\/div>\n\t\t\t\t<\/div>\n\t\t\t\t\t<\/div>\n\t\t\t\t<\/div>\n\t\t\t\t<\/div>\n\t\t","protected":false},"excerpt":{"rendered":"<p>Edificio \u2013 Proyecto y Obra Ver proyectos<\/p>\n","protected":false},"author":1,"featured_media":0,"parent":0,"menu_order":0,"comment_status":"closed","ping_status":"closed","template":"","meta":{"footnotes":""},"class_list":["post-1859","page","type-page","status-publish","hentry","entry"],"yoast_head":"<!-- This site is optimized with the Yoast SEO plugin v27.3 - https:\/\/yoast.com\/product\/yoast-seo-wordpress\/ -->\n<title>Carreras - Duplicado - [#1139] - Zeta Ingenier\u00eda<\/title>\n<meta name=\"robots\" content=\"index, follow, max-snippet:-1, max-image-preview:large, max-video-preview:-1\" \/>\n<link rel=\"canonical\" href=\"https:\/\/www.zetaingenieria.com\/?page_id=1859\" \/>\n<meta property=\"og:locale\" content=\"es_ES\" \/>\n<meta property=\"og:type\" content=\"article\" \/>\n<meta property=\"og:title\" content=\"Carreras - Duplicado - [#1139] - Zeta Ingenier\u00eda\" \/>\n<meta property=\"og:description\" content=\"Edificio \u2013 Proyecto y Obra Ver proyectos\" \/>\n<meta property=\"og:url\" content=\"https:\/\/www.zetaingenieria.com\/?page_id=1859\" \/>\n<meta property=\"og:site_name\" content=\"Zeta Ingenier\u00eda\" \/>\n<meta property=\"article:modified_time\" content=\"2025-06-27T16:45:18+00:00\" \/>\n<meta property=\"og:image\" content=\"https:\/\/www.zetaingenieria.com\/wp-content\/uploads\/2025\/06\/PORTADA-3.png\" \/>\n\t<meta property=\"og:image:width\" content=\"1500\" \/>\n\t<meta property=\"og:image:height\" content=\"1000\" \/>\n\t<meta property=\"og:image:type\" content=\"image\/png\" \/>\n<meta name=\"twitter:card\" content=\"summary_large_image\" \/>\n<meta name=\"twitter:label1\" content=\"Tiempo de lectura\" \/>\n\t<meta name=\"twitter:data1\" content=\"3 minutos\" \/>\n<script type=\"application\/ld+json\" class=\"yoast-schema-graph\">{\"@context\":\"https:\\\/\\\/schema.org\",\"@graph\":[{\"@type\":\"WebPage\",\"@id\":\"https:\\\/\\\/www.zetaingenieria.com\\\/?page_id=1859\",\"url\":\"https:\\\/\\\/www.zetaingenieria.com\\\/?page_id=1859\",\"name\":\"Carreras - Duplicado - [#1139] - Zeta Ingenier\u00eda\",\"isPartOf\":{\"@id\":\"https:\\\/\\\/www.zetaingenieria.com\\\/#website\"},\"primaryImageOfPage\":{\"@id\":\"https:\\\/\\\/www.zetaingenieria.com\\\/?page_id=1859#primaryimage\"},\"image\":{\"@id\":\"https:\\\/\\\/www.zetaingenieria.com\\\/?page_id=1859#primaryimage\"},\"thumbnailUrl\":\"https:\\\/\\\/www.zetaingenieria.com\\\/wp-content\\\/uploads\\\/2025\\\/06\\\/PORTADA-3-1200x800.png\",\"datePublished\":\"2025-06-27T16:43:12+00:00\",\"dateModified\":\"2025-06-27T16:45:18+00:00\",\"breadcrumb\":{\"@id\":\"https:\\\/\\\/www.zetaingenieria.com\\\/?page_id=1859#breadcrumb\"},\"inLanguage\":\"es\",\"potentialAction\":[{\"@type\":\"ReadAction\",\"target\":[\"https:\\\/\\\/www.zetaingenieria.com\\\/?page_id=1859\"]}]},{\"@type\":\"ImageObject\",\"inLanguage\":\"es\",\"@id\":\"https:\\\/\\\/www.zetaingenieria.com\\\/?page_id=1859#primaryimage\",\"url\":\"https:\\\/\\\/www.zetaingenieria.com\\\/wp-content\\\/uploads\\\/2025\\\/06\\\/PORTADA-3.png\",\"contentUrl\":\"https:\\\/\\\/www.zetaingenieria.com\\\/wp-content\\\/uploads\\\/2025\\\/06\\\/PORTADA-3.png\",\"width\":1500,\"height\":1000},{\"@type\":\"BreadcrumbList\",\"@id\":\"https:\\\/\\\/www.zetaingenieria.com\\\/?page_id=1859#breadcrumb\",\"itemListElement\":[{\"@type\":\"ListItem\",\"position\":1,\"name\":\"Portada\",\"item\":\"https:\\\/\\\/www.zetaingenieria.com\\\/\"},{\"@type\":\"ListItem\",\"position\":2,\"name\":\"Carreras &#8211; Duplicado &#8211; [#1139]\"}]},{\"@type\":\"WebSite\",\"@id\":\"https:\\\/\\\/www.zetaingenieria.com\\\/#website\",\"url\":\"https:\\\/\\\/www.zetaingenieria.com\\\/\",\"name\":\"Zeta Ingenier\u00eda\",\"description\":\"Estudio de Ingenier\u00eda y Construcci\u00f3n\",\"publisher\":{\"@id\":\"https:\\\/\\\/www.zetaingenieria.com\\\/#organization\"},\"potentialAction\":[{\"@type\":\"SearchAction\",\"target\":{\"@type\":\"EntryPoint\",\"urlTemplate\":\"https:\\\/\\\/www.zetaingenieria.com\\\/?s={search_term_string}\"},\"query-input\":{\"@type\":\"PropertyValueSpecification\",\"valueRequired\":true,\"valueName\":\"search_term_string\"}}],\"inLanguage\":\"es\"},{\"@type\":\"Organization\",\"@id\":\"https:\\\/\\\/www.zetaingenieria.com\\\/#organization\",\"name\":\"Zeta Ingenier\u00eda\",\"url\":\"https:\\\/\\\/www.zetaingenieria.com\\\/\",\"logo\":{\"@type\":\"ImageObject\",\"inLanguage\":\"es\",\"@id\":\"https:\\\/\\\/www.zetaingenieria.com\\\/#\\\/schema\\\/logo\\\/image\\\/\",\"url\":\"https:\\\/\\\/www.zetaingenieria.com\\\/wp-content\\\/uploads\\\/2024\\\/03\\\/cropped-cropped-logo-removebg-preview-1.png\",\"contentUrl\":\"https:\\\/\\\/www.zetaingenieria.com\\\/wp-content\\\/uploads\\\/2024\\\/03\\\/cropped-cropped-logo-removebg-preview-1.png\",\"width\":429,\"height\":429,\"caption\":\"Zeta Ingenier\u00eda\"},\"image\":{\"@id\":\"https:\\\/\\\/www.zetaingenieria.com\\\/#\\\/schema\\\/logo\\\/image\\\/\"}}]}<\/script>\n<!-- \/ Yoast SEO plugin. -->","yoast_head_json":{"title":"Carreras - Duplicado - [#1139] - Zeta Ingenier\u00eda","robots":{"index":"index","follow":"follow","max-snippet":"max-snippet:-1","max-image-preview":"max-image-preview:large","max-video-preview":"max-video-preview:-1"},"canonical":"https:\/\/www.zetaingenieria.com\/?page_id=1859","og_locale":"es_ES","og_type":"article","og_title":"Carreras - Duplicado - [#1139] - Zeta Ingenier\u00eda","og_description":"Edificio \u2013 Proyecto y Obra Ver proyectos","og_url":"https:\/\/www.zetaingenieria.com\/?page_id=1859","og_site_name":"Zeta Ingenier\u00eda","article_modified_time":"2025-06-27T16:45:18+00:00","og_image":[{"width":1500,"height":1000,"url":"https:\/\/www.zetaingenieria.com\/wp-content\/uploads\/2025\/06\/PORTADA-3.png","type":"image\/png"}],"twitter_card":"summary_large_image","twitter_misc":{"Tiempo de lectura":"3 minutos"},"schema":{"@context":"https:\/\/schema.org","@graph":[{"@type":"WebPage","@id":"https:\/\/www.zetaingenieria.com\/?page_id=1859","url":"https:\/\/www.zetaingenieria.com\/?page_id=1859","name":"Carreras - Duplicado - [#1139] - Zeta Ingenier\u00eda","isPartOf":{"@id":"https:\/\/www.zetaingenieria.com\/#website"},"primaryImageOfPage":{"@id":"https:\/\/www.zetaingenieria.com\/?page_id=1859#primaryimage"},"image":{"@id":"https:\/\/www.zetaingenieria.com\/?page_id=1859#primaryimage"},"thumbnailUrl":"https:\/\/www.zetaingenieria.com\/wp-content\/uploads\/2025\/06\/PORTADA-3-1200x800.png","datePublished":"2025-06-27T16:43:12+00:00","dateModified":"2025-06-27T16:45:18+00:00","breadcrumb":{"@id":"https:\/\/www.zetaingenieria.com\/?page_id=1859#breadcrumb"},"inLanguage":"es","potentialAction":[{"@type":"ReadAction","target":["https:\/\/www.zetaingenieria.com\/?page_id=1859"]}]},{"@type":"ImageObject","inLanguage":"es","@id":"https:\/\/www.zetaingenieria.com\/?page_id=1859#primaryimage","url":"https:\/\/www.zetaingenieria.com\/wp-content\/uploads\/2025\/06\/PORTADA-3.png","contentUrl":"https:\/\/www.zetaingenieria.com\/wp-content\/uploads\/2025\/06\/PORTADA-3.png","width":1500,"height":1000},{"@type":"BreadcrumbList","@id":"https:\/\/www.zetaingenieria.com\/?page_id=1859#breadcrumb","itemListElement":[{"@type":"ListItem","position":1,"name":"Portada","item":"https:\/\/www.zetaingenieria.com\/"},{"@type":"ListItem","position":2,"name":"Carreras &#8211; Duplicado &#8211; [#1139]"}]},{"@type":"WebSite","@id":"https:\/\/www.zetaingenieria.com\/#website","url":"https:\/\/www.zetaingenieria.com\/","name":"Zeta Ingenier\u00eda","description":"Estudio de Ingenier\u00eda y Construcci\u00f3n","publisher":{"@id":"https:\/\/www.zetaingenieria.com\/#organization"},"potentialAction":[{"@type":"SearchAction","target":{"@type":"EntryPoint","urlTemplate":"https:\/\/www.zetaingenieria.com\/?s={search_term_string}"},"query-input":{"@type":"PropertyValueSpecification","valueRequired":true,"valueName":"search_term_string"}}],"inLanguage":"es"},{"@type":"Organization","@id":"https:\/\/www.zetaingenieria.com\/#organization","name":"Zeta Ingenier\u00eda","url":"https:\/\/www.zetaingenieria.com\/","logo":{"@type":"ImageObject","inLanguage":"es","@id":"https:\/\/www.zetaingenieria.com\/#\/schema\/logo\/image\/","url":"https:\/\/www.zetaingenieria.com\/wp-content\/uploads\/2024\/03\/cropped-cropped-logo-removebg-preview-1.png","contentUrl":"https:\/\/www.zetaingenieria.com\/wp-content\/uploads\/2024\/03\/cropped-cropped-logo-removebg-preview-1.png","width":429,"height":429,"caption":"Zeta Ingenier\u00eda"},"image":{"@id":"https:\/\/www.zetaingenieria.com\/#\/schema\/logo\/image\/"}}]}},"_links":{"self":[{"href":"https:\/\/www.zetaingenieria.com\/index.php?rest_route=\/wp\/v2\/pages\/1859","targetHints":{"allow":["GET"]}}],"collection":[{"href":"https:\/\/www.zetaingenieria.com\/index.php?rest_route=\/wp\/v2\/pages"}],"about":[{"href":"https:\/\/www.zetaingenieria.com\/index.php?rest_route=\/wp\/v2\/types\/page"}],"author":[{"embeddable":true,"href":"https:\/\/www.zetaingenieria.com\/index.php?rest_route=\/wp\/v2\/users\/1"}],"replies":[{"embeddable":true,"href":"https:\/\/www.zetaingenieria.com\/index.php?rest_route=%2Fwp%2Fv2%2Fcomments&post=1859"}],"version-history":[{"count":9,"href":"https:\/\/www.zetaingenieria.com\/index.php?rest_route=\/wp\/v2\/pages\/1859\/revisions"}],"predecessor-version":[{"id":1869,"href":"https:\/\/www.zetaingenieria.com\/index.php?rest_route=\/wp\/v2\/pages\/1859\/revisions\/1869"}],"wp:attachment":[{"href":"https:\/\/www.zetaingenieria.com\/index.php?rest_route=%2Fwp%2Fv2%2Fmedia&parent=1859"}],"curies":[{"name":"wp","href":"https:\/\/api.w.org\/{rel}","templated":true}]}}